{"id":5477,"date":"2021-05-08T23:51:58","date_gmt":"2021-05-08T23:51:58","guid":{"rendered":"http:\/\/qqtcdof.cluster026.hosting.ovh.net\/polishtax\/?page_id=5477"},"modified":"2023-02-24T11:33:30","modified_gmt":"2023-02-24T11:33:30","slug":"uslugi-ksiegowe","status":"publish","type":"page","link":"https:\/\/polishtax.com\/pl\/uslugi\/uslugi-ksiegowe\/","title":{"rendered":"Us\u0142ugi podatkowo-ksi\u0119gowe"},"content":{"rendered":"<p>Wsp\u00f3\u0142praca z INTERTAX jako dostawc\u0105 outsourcingu us\u0142ug ksi\u0119gowych i w zakresie prawa podatkowego mo\u017ce przynie\u015b\u0107 firmom wymierne korzy\u015bci, skutkuj\u0105c zmniejszeniem koszt\u00f3w, wi\u0119ksz\u0105 wydajno\u015bci\u0105, a tak\u017ce &#8211; co r\u00f3wnie wa\u017cne &#8211; przeniesieniem odpowiedzialno\u015bci za prawid\u0142owo\u015b\u0107 sprawozda\u0144 finansowych na partnera zewn\u0119trznego. Obowi\u0105zki sprawozdawcze zajmuj\u0105 du\u017co czasu, dlatego oferujemy naszym klientom w tym zakresie kompleksow\u0105 obs\u0142ug\u0119 zar\u00f3wno ksi\u0119gow\u0105 jak i podatkow\u0105.<\/p>\n<p>W ci\u0105gu wielu lat wsp\u00f3\u0142pracy z klientami zobowi\u0105zanymi do rozliczania podatk\u00f3w w Polsce, zdobyli\u015bmy du\u017ce do\u015bwiadczenie w tym zakresie. Pomagali\u015bmy im w wype\u0142nianiu obowi\u0105zk\u00f3w wynikaj\u0105cych z polskiej ustawy o rachunkowo\u015bci oraz obliczaniu wysoko\u015bci zobowi\u0105za\u0144 podatkowych i kwot zwrot\u00f3w podatk\u00f3w wynikaj\u0105cych z polskiego prawa podatkowego.<\/p>\n<p>Korzystaj\u0105c ze sprawdzonych metod i nowoczesnych narz\u0119dzi informatycznych oraz wiedzy i do\u015bwiadczenia naszych pracownik\u00f3w \u015bwiadczymy us\u0142ugi w takich obszarach jak:<\/p>\n<ol>\n<li>Prowadzenie ksi\u0105g rachunkowych zgodnie z wymogami okre\u015blonymi przez polskie prawo o rachunkowo\u015bci&nbsp;<\/li>\n<li>Przygotowywanie okresowych (miesi\u0119cznych lub kwartalnych) raport\u00f3w (takich jak bilans, rachunek zysk\u00f3w i strat, przep\u0142ywy pieni\u0119\u017cne) dla kadry zarz\u0105dzaj\u0105cej<\/li>\n<li>Sporz\u0105dzanie rocznych sprawozda\u0144 finansowych i sprawozda\u0144 z dzia\u0142alno\u015bci firm<\/li>\n<li>Sporz\u0105dzanie deklaracji i raport\u00f3w podatkowych wymaganych przez polskie prawo podatkowe<\/li>\n<li>Reprezentowanie podczas kontroli podatkowych<\/li>\n<li>Sporz\u0105dzanie raport\u00f3w statystycznych GUS<\/li>\n<li>Us\u0142ugi rozliczania p\u0142ac<\/li>\n<li>Inne prace administracyjne wymagaj\u0105ce fachowej wiedzy i do\u015bwiadczenia<\/li>\n<\/ol>\n<p>Zestawienia i raporty mo\u017cemy sporz\u0105dza\u0107 w j\u0119zyku angielskim, co jest cz\u0119sto wymagane w przypadku udzia\u0142owc\u00f3w zagranicznych polskich firm.<\/p>\n\n\n<p><p><\/p>\n<p>Wsp\u00f3\u0142pracujemy z Comarch, najwi\u0119kszym dostarczycielem oprogramowania dla biur rachunkowych w Polsce \n<a href=\"https:\/\/www.iksiegowosc24.pl\/biura-rachunkowe\/malopolskie\/tarnow\/intertax-prosta-spolka-akcyjna\" target=\"_blank\" title=\"INTERTAX jest polecany przez iKsiegowosc24\" rel=\"noopener\"><img loading=\"lazy\" decoding=\"async\" src=\"https:\/\/panel.iksiegowosc24.pl\/assets\/Image%2015.png\" alt=\"INTERTAX polecany przez iKsiegowosc24\" width=\"150\" height=\"50\"><\/a><br><\/p>\n<p>Je\u017celi Twoja firma jest podmiotem mikro, mo\u017cesz skorzysta\u0107 z bezp\u0142atnej aplikacji do wsp\u00f3\u0142pracy z Intertax <a href=\"https:\/\/www.mojebr.pl\/\" target=\"_blank\" title=\"Moje BR\" rel=\"noopener\"> Moje BR<\/a>, kt\u00f3re jest dost\u0119pne zar\u00f3wno przez stron\u0119 www, jak i w aplikacji mobilnej dla systemu android i IOS<\/p>\n<p>W przypadku podmiot\u00f3w ma\u0142ych zalecamy korzystanie z elektronicznej ksi\u0119gowo\u015bci z Intertax przy wykorzystaniu aplikacji mobilnej lub webowej <a href=\"https:\/\/www.erpxt.pl\/\" target=\"_blank\" title=\"Comarch ERP XT\" rel=\"noopener\"><img loading=\"lazy\" decoding=\"async\" src=\"https:\/\/panel.iksiegowosc24.pl\/assets\/Image%2016.png\" alt=\"Fakturuj bezp\u0142atnie z Comarch ERP XT\" width=\"150\" height=\"50\" \/><\/a> lub Comarch Optima (stacjonarnie lub przez stron\u0119 internetow\u0105). W przypadku korzystania z innych program\u00f3w wprowadzimy indywidualne procedury przekazywania danych w spos\u00f3b elektroniczny. <\/p>\n\n<a href=\"https:\/\/www.ibard.com\/\" target=\"_blank\" title=\"Gwarancja bezpiecze\u0144stwa danych z Comarch IBARD Backup\" rel=\"noopener\"><img loading=\"lazy\" decoding=\"async\" src=\"https:\/\/panel.iksiegowosc24.pl\/assets\/Image%2017.png\" alt=\"Gwarancja bezpiecze\u0144stwa danych z Comarch IBARD Backup\" width=\"150\" height=\"50\" \/> Za bezpiecze\u0144stwo Twoich danych odpowiada Comarch, Microsoft oraz Citrix. <\/a>\n","protected":false},"excerpt":{"rendered":"<p>Wsp\u00f3\u0142praca z INTERTAX jako dostawc\u0105 outsourcingu us\u0142ug ksi\u0119gowych i w zakresie prawa podatkowego mo\u017ce przynie\u015b\u0107 firmom wymierne korzy\u015bci, skutkuj\u0105c zmniejszeniem koszt\u00f3w, wi\u0119ksz\u0105 wydajno\u015bci\u0105, a tak\u017ce &#8211; co r\u00f3wnie wa\u017cne &#8211; przeniesieniem odpowiedzialno\u015bci za prawid\u0142owo\u015b\u0107 sprawozda\u0144 finansowych na partnera zewn\u0119trznego. Obowi\u0105zki sprawozdawcze zajmuj\u0105 du\u017co czasu, dlatego oferujemy naszym klientom w tym zakresie kompleksow\u0105 obs\u0142ug\u0119 zar\u00f3wno ksi\u0119gow\u0105 [&hellip;]<\/p>\n","protected":false},"author":10,"featured_media":0,"parent":5420,"menu_order":0,"comment_status":"closed","ping_status":"closed","template":"","meta":{"footnotes":""},"class_list":["post-5477","page","type-page","status-publish","hentry"],"jetpack_sharing_enabled":true,"_links":{"self":[{"href":"https:\/\/polishtax.com\/pl\/wp-json\/wp\/v2\/pages\/5477","targetHints":{"allow":["GET"]}}],"collection":[{"href":"https:\/\/polishtax.com\/pl\/wp-json\/wp\/v2\/pages"}],"about":[{"href":"https:\/\/polishtax.com\/pl\/wp-json\/wp\/v2\/types\/page"}],"author":[{"embeddable":true,"href":"https:\/\/polishtax.com\/pl\/wp-json\/wp\/v2\/users\/10"}],"replies":[{"embeddable":true,"href":"https:\/\/polishtax.com\/pl\/wp-json\/wp\/v2\/comments?post=5477"}],"version-history":[{"count":8,"href":"https:\/\/polishtax.com\/pl\/wp-json\/wp\/v2\/pages\/5477\/revisions"}],"predecessor-version":[{"id":6015,"href":"https:\/\/polishtax.com\/pl\/wp-json\/wp\/v2\/pages\/5477\/revisions\/6015"}],"up":[{"embeddable":true,"href":"https:\/\/polishtax.com\/pl\/wp-json\/wp\/v2\/pages\/5420"}],"wp:attachment":[{"href":"https:\/\/polishtax.com\/pl\/wp-json\/wp\/v2\/media?parent=5477"}],"curies":[{"name":"wp","href":"https:\/\/api.w.org\/{rel}","templated":true}]}}