{"id":5476,"date":"2021-05-08T23:50:48","date_gmt":"2021-05-08T23:50:48","guid":{"rendered":"http:\/\/qqtcdof.cluster026.hosting.ovh.net\/polishtax\/?page_id=5476"},"modified":"2021-05-25T09:14:45","modified_gmt":"2021-05-25T09:14:45","slug":"zasoby-ludzkie","status":"publish","type":"page","link":"https:\/\/polishtax.com\/pl\/uslugi\/zasoby-ludzkie\/","title":{"rendered":"Zasoby Ludzkie"},"content":{"rendered":"\n<p>Zarz\u0105dzamy r\u00f3wnie\u017c obszarem HR. Zapewnimy Ci wykwalifikowanych specjalist\u00f3w, kt\u00f3rzy specjalizuj\u0105 si\u0119 w tej dziedzinie.  Umo\u017cliwi to Twojej organizacji redukcj\u0119 koszt\u00f3w dzia\u0142u HR. Zyskasz r\u00f3wnie\u017c elastyczno\u015b\u0107, co pozwoli Ci \u0142atwiej sprosta\u0107 zmieniaj\u0105cym si\u0119 warunkom biznesowym, pozyska\u0107 innowacyjne pomys\u0142y i zdoby\u0107 wiedz\u0119 o zarz\u0105dzaniu personelem, kt\u00f3ra inaczej nie by\u0142aby dost\u0119pna.<\/p>\n\n\n\n<p>Zakres \u015bwiadczonych us\u0142ug HR obejmuje mi\u0119dzy innymi:<\/p>\n\n\n\n<ol class=\"wp-block-list\"><li>Przygotowywanie projekt\u00f3w um\u00f3w o prac\u0119, aneks\u00f3w, wypowiedze\u0144.<\/li><li>Obliczanie podstawy wynagrodzenia urlopowego, wymiaru urlop\u00f3w, urlop\u00f3w macierzy\u0144skich zgodnie z polskim kodeksem pracy.<\/li><li>Przygotowanie r\u00f3\u017cnych o\u015bwiadcze\u0144, za\u015bwiadcze\u0144 i innych informacji wymaganych przez pracownik\u00f3w.<\/li><li>Wyp\u0142ata w charakterze pos\u0142a\u0144ca wynagrodze\u0144 w imieniu pracodawc\u00f3w oraz przekazywanie w ich imieniu podatk\u00f3w i sk\u0142adek ZUS do Urz\u0119du Skarbowego i ZUS.<\/li><li>Prowadzenie akt osobowych, wystawianie \u015bwiadectw pracy.<\/li><\/ol>\n","protected":false},"excerpt":{"rendered":"<p>Zarz\u0105dzamy r\u00f3wnie\u017c obszarem HR. Zapewnimy Ci wykwalifikowanych specjalist\u00f3w, kt\u00f3rzy specjalizuj\u0105 si\u0119 w tej dziedzinie. Umo\u017cliwi to Twojej organizacji redukcj\u0119 koszt\u00f3w dzia\u0142u HR. Zyskasz r\u00f3wnie\u017c elastyczno\u015b\u0107, co pozwoli Ci \u0142atwiej sprosta\u0107 zmieniaj\u0105cym si\u0119 warunkom biznesowym, pozyska\u0107 innowacyjne pomys\u0142y i zdoby\u0107 wiedz\u0119 o zarz\u0105dzaniu personelem, kt\u00f3ra inaczej nie by\u0142aby dost\u0119pna. Zakres \u015bwiadczonych us\u0142ug HR obejmuje mi\u0119dzy innymi: [&hellip;]<\/p>\n","protected":false},"author":10,"featured_media":0,"parent":5420,"menu_order":0,"comment_status":"closed","ping_status":"closed","template":"","meta":{"footnotes":""},"class_list":["post-5476","page","type-page","status-publish","hentry"],"jetpack_sharing_enabled":true,"_links":{"self":[{"href":"https:\/\/polishtax.com\/pl\/wp-json\/wp\/v2\/pages\/5476","targetHints":{"allow":["GET"]}}],"collection":[{"href":"https:\/\/polishtax.com\/pl\/wp-json\/wp\/v2\/pages"}],"about":[{"href":"https:\/\/polishtax.com\/pl\/wp-json\/wp\/v2\/types\/page"}],"author":[{"embeddable":true,"href":"https:\/\/polishtax.com\/pl\/wp-json\/wp\/v2\/users\/10"}],"replies":[{"embeddable":true,"href":"https:\/\/polishtax.com\/pl\/wp-json\/wp\/v2\/comments?post=5476"}],"version-history":[{"count":2,"href":"https:\/\/polishtax.com\/pl\/wp-json\/wp\/v2\/pages\/5476\/revisions"}],"predecessor-version":[{"id":5550,"href":"https:\/\/polishtax.com\/pl\/wp-json\/wp\/v2\/pages\/5476\/revisions\/5550"}],"up":[{"embeddable":true,"href":"https:\/\/polishtax.com\/pl\/wp-json\/wp\/v2\/pages\/5420"}],"wp:attachment":[{"href":"https:\/\/polishtax.com\/pl\/wp-json\/wp\/v2\/media?parent=5476"}],"curies":[{"name":"wp","href":"https:\/\/api.w.org\/{rel}","templated":true}]}}