{"id":5474,"date":"2021-05-08T23:40:48","date_gmt":"2021-05-08T23:40:48","guid":{"rendered":"http:\/\/qqtcdof.cluster026.hosting.ovh.net\/polishtax\/?page_id=5474"},"modified":"2021-05-25T08:48:08","modified_gmt":"2021-05-25T08:48:08","slug":"rozliczanie-plac","status":"publish","type":"page","link":"https:\/\/polishtax.com\/pl\/uslugi\/rozliczanie-plac\/","title":{"rendered":"Rozliczanie P\u0142ac"},"content":{"rendered":"<p>W Intertax zatrudniamy specjalist\u00f3w z du\u017cym do\u015bwiadczeniem w rozliczeniach kadrowo-p\u0142acowych. Powiedz nam o swoich potrzebach w tym zakresie, a my zajmiemy si\u0119 nimi po to, aby\u015b m\u00f3g\u0142 skupi\u0107 si\u0119 na prowadzeniu Twojego biznesu. Nasi konsultanci do spraw p\u0142ac szybko odpowiedz\u0105 na Twoje pytania, poniewa\u017c uwa\u017camy, \u017ce ka\u017cdy klient zas\u0142uguje na wyj\u0105tkow\u0105 obs\u0142ug\u0119. Powierzaj\u0105c nam rozliczenia p\u0142acowo-kadrowe Twojej firmy nie b\u0119dziesz musia\u0142 niepotrzebnie traci\u0107 czasu na analizy skomplikowanych przepis\u00f3w prawa pracy. Z nasz\u0105 pomoc\u0105 unikniesz ryzyka kar podatkowych i odsetek nieuniknionych w przypadku pope\u0142nienia b\u0142\u0119d\u00f3w. Posiadamy bogate do\u015bwiadczenie w pomocy szczeg\u00f3lnie firmom zagranicznym zatrudniaj\u0105cym pracownik\u00f3w w Polsce.<\/p>\n<p>Zakres \u015bwiadczonych us\u0142ug kadrowo-p\u0142acowych obejmuje mi\u0119dzy innymi:<\/p>\n<ol>\n<li>Rejestracj\u0119 pracodawcy dla cel\u00f3w raportowania i rozliczania wyp\u0142acanych wynagrodze\u0144.<\/li>\n<li>Kalkulacj\u0119 wynagrodze\u0144 pracownik\u00f3w i sporz\u0105dzanie miesi\u0119cznych list p\u0142ac.<\/li>\n<li>Sporz\u0105dzanie i wysy\u0142anie pracownikom miesi\u0119cznych odcink\u00f3w wyp\u0142at zawieraj\u0105cych miesi\u0119czne wynagrodzenie brutto\/netto, sk\u0142adk\u0119 emerytaln\u0105 oraz wszelkie inne premie lub bonusy takie jak na przyk\u0142ad dodatek na samoch\u00f3d oraz potr\u0105cenia z wyp\u0142at.<\/li>\n<li>Sporz\u0105dzanie raport\u00f3w ZUS<\/li>\n<li>Sporz\u0105dzanie raport\u00f3w podatkowych w zakresie PIT dotycz\u0105cych zatrudnianych os\u00f3b.<\/li>\n<\/ol>\n","protected":false},"excerpt":{"rendered":"<p>W Intertax zatrudniamy specjalist\u00f3w z du\u017cym do\u015bwiadczeniem w rozliczeniach kadrowo-p\u0142acowych. Powiedz nam o swoich potrzebach w tym zakresie, a my zajmiemy si\u0119 nimi po to, aby\u015b m\u00f3g\u0142 skupi\u0107 si\u0119 na prowadzeniu Twojego biznesu. Nasi konsultanci do spraw p\u0142ac szybko odpowiedz\u0105 na Twoje pytania, poniewa\u017c uwa\u017camy, \u017ce ka\u017cdy klient zas\u0142uguje na wyj\u0105tkow\u0105 obs\u0142ug\u0119. Powierzaj\u0105c nam rozliczenia [&hellip;]<\/p>\n","protected":false},"author":10,"featured_media":0,"parent":5420,"menu_order":0,"comment_status":"closed","ping_status":"closed","template":"","meta":{"footnotes":""},"class_list":["post-5474","page","type-page","status-publish","hentry"],"jetpack_sharing_enabled":true,"_links":{"self":[{"href":"https:\/\/polishtax.com\/pl\/wp-json\/wp\/v2\/pages\/5474","targetHints":{"allow":["GET"]}}],"collection":[{"href":"https:\/\/polishtax.com\/pl\/wp-json\/wp\/v2\/pages"}],"about":[{"href":"https:\/\/polishtax.com\/pl\/wp-json\/wp\/v2\/types\/page"}],"author":[{"embeddable":true,"href":"https:\/\/polishtax.com\/pl\/wp-json\/wp\/v2\/users\/10"}],"replies":[{"embeddable":true,"href":"https:\/\/polishtax.com\/pl\/wp-json\/wp\/v2\/comments?post=5474"}],"version-history":[{"count":2,"href":"https:\/\/polishtax.com\/pl\/wp-json\/wp\/v2\/pages\/5474\/revisions"}],"predecessor-version":[{"id":5548,"href":"https:\/\/polishtax.com\/pl\/wp-json\/wp\/v2\/pages\/5474\/revisions\/5548"}],"up":[{"embeddable":true,"href":"https:\/\/polishtax.com\/pl\/wp-json\/wp\/v2\/pages\/5420"}],"wp:attachment":[{"href":"https:\/\/polishtax.com\/pl\/wp-json\/wp\/v2\/media?parent=5474"}],"curies":[{"name":"wp","href":"https:\/\/api.w.org\/{rel}","templated":true}]}}