{"id":5459,"date":"2021-05-08T23:32:23","date_gmt":"2021-05-08T23:32:23","guid":{"rendered":"http:\/\/qqtcdof.cluster026.hosting.ovh.net\/polishtax\/?page_id=5459"},"modified":"2023-12-01T12:12:49","modified_gmt":"2023-12-01T12:12:49","slug":"doradztwo-biznesowe","status":"publish","type":"page","link":"https:\/\/polishtax.com\/pl\/uslugi\/doradztwo-biznesowe\/","title":{"rendered":"Doradztwo Biznesowe"},"content":{"rendered":"<h2>Rozpoczynanie prowadzenia biznesu w Polsce<\/h2>\n<p>Zarejestruj firm\u0119 w Polsce ! INTERTAX pomo\u017ce Ci w tym procesie. Zobaczysz, \u017ce szybko i sprawnie za\u0142o\u017cysz firm\u0119 w Polsce. Oferujemy rejestracj\u0119 firmy i wszelkie dodatkowe us\u0142ugi w tym zakresie oraz rejestracj\u0119 do VAT w Polsce. Jest wiele powod\u00f3w, dla kt\u00f3rych inwestorzy decyduj\u0105 si\u0119 na za\u0142o\u017cenie polskiej firmy. Dwa z nich s\u0105 najwa\u017cniejsze: dost\u0119p do szerokiego polskiego rynku i redukcja koszt\u00f3w. Polska wypada wyj\u0105tkowo dobrze w obu obszarach, dzi\u0119ki czemu tworzenie firm w Polsce jest bardzo popularne.<\/p>\n<p>INTERTAX to dobry partner dla tych os\u00f3b fizycznych i prawnych, kt\u00f3re chc\u0105 otworzy\u0107 firm\u0119 w Polsce. Dlatego prosimy o kontakt z nami w celu uzyskania dalszych informacji o tym jak zarejestrowa\u0107 firm\u0119 w Polsce w jak najkr\u00f3tszym czasie. Nasze biuro w Warszawie do\u0142o\u017cy wszelkich stara\u0144, aby \u200b\u200bza\u0142o\u017cenie firmy w Polsce przebieg\u0142o szybko i sprawnie. [\/vc_column_text][vc_column_text]<\/p>\n<h2>Zak\u0142adanie nowej firmy w Polsce &#8211; Us\u0142ugi inkorporacyjne<\/h2>\n<p>Polska jest atrakcyjna dla inwestor\u00f3w z wielu powod\u00f3w, ale na szczycie listy korzy\u015bci znajduje si\u0119 38-milionowy krajowy rynek konsumencki. Polacy to ponad jedna trzecia obywateli nowych kraj\u00f3w cz\u0142onkowskich UE. Nasz kraj jest 20. najwi\u0119kszym rynkiem na \u015bwiecie, kt\u00f3rego pozycj\u0119 z roku na rok umacnia szybki wzrost gospodarczy i kolejne podwy\u017cki p\u0142ac. Polska jest najwi\u0119kszym stabilnym politycznie i ekonomicznie krajem w Europie \u015arodkowo-Wschodniej, co stwarza szanse na udan\u0105 inwestycj\u0119 w nowy biznes.<\/p>\n<p>Firmy zagraniczne, chc\u0105c wykorzysta\u0107 rosn\u0105cy polski rynek i zwi\u0119kszy\u0107 sprzeda\u017c, maj\u0105 mo\u017cliwo\u015b\u0107 za\u0142o\u017cenia filii, oddzia\u0142u lub przedstawicielstwa w Polsce. Firmom tym Intertax oferuje szerok\u0105 gam\u0119 us\u0142ug inkorporacyjnych:<\/p>\n<ul>\n<li>Tworzenie nowych podmiot\u00f3w, w tym sp\u00f3\u0142ek z ograniczon\u0105 odpowiedzialno\u015bci\u0105 i oddzia\u0142\u00f3w<\/li>\n<li>Przygotowanie dokumentacji i z\u0142o\u017cenie wniosk\u00f3w do w\u0142a\u015bciwych organ\u00f3w pa\u0144stwowych<\/li>\n<li>Przygotowanie statutu zgodnego z aktualnymi przepisami w tym zakresie<\/li>\n<li>Przyj\u0119cie pe\u0142nomocnictwa do reprezentowania udzia\u0142owc\u00f3w przed w\u0142adzami pa\u0144stwowymi<\/li>\n<li>Organizowanie us\u0142ug notarialnych, legalizacji i t\u0142umacze\u0144<\/li>\n<li>Zapewnienie pe\u0142nomocnika do reprezentowania wsp\u00f3lnik\u00f3w<\/li>\n<li>Zapewnienie tymczasowego adresu zameldowania, je\u015bli wymagaj\u0105 tego lokalne przepisy<\/li>\n<li>Otwarcie rachunk\u00f3w bankowych<\/li>\n<li>Zapewnienie adresu siedziby<\/li>\n<li>Wynajem powierzchni biurowej<\/li>\n<li>Przekazywanie korespondencji<\/li>\n<li>Oznakowanie zewn\u0119trzne<\/li>\n<li>W razie potrzeby udost\u0119pnienie linii telefonicznej<\/li>\n<li>Rejestracja oddzia\u0142u<\/li>\n<li>Rejestracja przedstawicielstwa<\/li>\n<li>Udost\u0119pnianie obiekt\u00f3w biurowych<\/li>\n<\/ul>\n","protected":false},"excerpt":{"rendered":"<p>Rozpoczynanie prowadzenia biznesu w Polsce Zarejestruj firm\u0119 w Polsce ! INTERTAX pomo\u017ce Ci w tym procesie. Zobaczysz, \u017ce szybko i sprawnie za\u0142o\u017cysz firm\u0119 w Polsce. Oferujemy rejestracj\u0119 firmy i wszelkie dodatkowe us\u0142ugi w tym zakresie oraz rejestracj\u0119 do VAT w Polsce. Jest wiele powod\u00f3w, dla kt\u00f3rych inwestorzy decyduj\u0105 si\u0119 na za\u0142o\u017cenie polskiej firmy. Dwa z [&hellip;]<\/p>\n","protected":false},"author":10,"featured_media":0,"parent":5420,"menu_order":0,"comment_status":"closed","ping_status":"closed","template":"","meta":{"footnotes":""},"class_list":["post-5459","page","type-page","status-publish","hentry"],"jetpack_sharing_enabled":true,"_links":{"self":[{"href":"https:\/\/polishtax.com\/pl\/wp-json\/wp\/v2\/pages\/5459","targetHints":{"allow":["GET"]}}],"collection":[{"href":"https:\/\/polishtax.com\/pl\/wp-json\/wp\/v2\/pages"}],"about":[{"href":"https:\/\/polishtax.com\/pl\/wp-json\/wp\/v2\/types\/page"}],"author":[{"embeddable":true,"href":"https:\/\/polishtax.com\/pl\/wp-json\/wp\/v2\/users\/10"}],"replies":[{"embeddable":true,"href":"https:\/\/polishtax.com\/pl\/wp-json\/wp\/v2\/comments?post=5459"}],"version-history":[{"count":3,"href":"https:\/\/polishtax.com\/pl\/wp-json\/wp\/v2\/pages\/5459\/revisions"}],"predecessor-version":[{"id":6195,"href":"https:\/\/polishtax.com\/pl\/wp-json\/wp\/v2\/pages\/5459\/revisions\/6195"}],"up":[{"embeddable":true,"href":"https:\/\/polishtax.com\/pl\/wp-json\/wp\/v2\/pages\/5420"}],"wp:attachment":[{"href":"https:\/\/polishtax.com\/pl\/wp-json\/wp\/v2\/media?parent=5459"}],"curies":[{"name":"wp","href":"https:\/\/api.w.org\/{rel}","templated":true}]}}