{"id":5457,"date":"2021-05-08T23:28:31","date_gmt":"2021-05-08T23:28:31","guid":{"rendered":"http:\/\/qqtcdof.cluster026.hosting.ovh.net\/polishtax\/?page_id=5457"},"modified":"2023-12-07T08:56:46","modified_gmt":"2023-12-07T08:56:46","slug":"konsultacje-podatkowe","status":"publish","type":"page","link":"https:\/\/polishtax.com\/pl\/uslugi\/konsultacje-podatkowe\/","title":{"rendered":"Konsultacje podatkowe"},"content":{"rendered":"<p>Przepisy podatkowe staj\u0105 si\u0119 coraz bardziej z\u0142o\u017cone, a optymalne zarz\u0105dzanie nimi\u00a0 to dla zarz\u0105d\u00f3w firm wyzwanie o coraz wy\u017cszym priorytecie. Wsp\u00f3\u0142pracuj\u0105cy z nami doradcy podatkowi s\u0105 dobrze wyposa\u017ceni wiedz\u0119 i &#8211; co wa\u017cne &#8211;\u00a0 do\u015bwiadczeni, dzi\u0119ki czemu mog\u0105 pom\u00f3c w poruszaniu si\u0119 po skomplikowanych zagadnieniach podatkowych i ksi\u0119gowych. Tak\u017ce dostosowa\u0107 praktyczne rady do konkretnych potrzeb. Z naszym zespo\u0142em wsp\u00f3\u0142pracuj\u0105 wykwalifikowani doradcy podatkowi. Ich zadaniem jest zapewnienie naszym klientom najlepszych z mo\u017cliwych rozwi\u0105za\u0144. Wszystko z my\u015bl\u0105 o spe\u0142nianiu potrzeb klient\u00f3w w zakresie przestrzegania przepis\u00f3w podatkowych i optymalizacji podatkowej. Pomagamy im w wype\u0142nianiu obowi\u0105zk\u00f3w zwi\u0105zanych z przestrzeganiem przepis\u00f3w i planowaniu strategii podatkowych wykorzystuj\u0105c nasz\u0105 wiedz\u0119 z zakresu prawa podatkowego i nasze rozumienie tego, w jaki spos\u00f3b tax compliance wpisuje si\u0119 w w liczne zagadnienia zwi\u0105zane z prowadzeniem biznesu.<\/p>\n<p>Doradztwo podatkowe, zgodnie z ustaw\u0105 o doradztwie podatkowym, obejmuje mi\u0119dzy innymi:<\/p>\n<ul>\n<li>Reprezentowanie podatnik\u00f3w przed organami skarbowymi<\/li>\n<li>Udzielanie porad i opracowywanie opinii i procedur z zakresu prawa podatkowego\u00a0<\/li>\n<li>Pomoc w sporach podatkowych i post\u0119powaniach podatkowych<\/li>\n<li>Sporz\u0105dzanie wniosk\u00f3w o wydanie indywidualnych interpretacji prawa podatkowego<\/li>\n<\/ul>\n<h2>Us\u0142ugi przedstawicielstwa podatkowego<\/h2>\n<p>Zgodnie z polsk\u0105 ustaw\u0105 o VAT, je\u015bli jeste\u015b na przyk\u0142ad firm\u0105 ameryka\u0144sk\u0105 lub firm\u0105 z siedzib\u0105 poza Uni\u0105 Europejsk\u0105 (UE), kt\u00f3ra chce rozwija\u0107 si\u0119 w Polsce lub Europie, b\u0119dziesz potrzebowa\u0107 przedstawiciela podatkowego.<\/p>\n<p>Tak\u0105 us\u0142ug\u0119 &#8211; w ramach grupy sp\u00f3\u0142ek INTERTAX &#8211; r\u00f3wnie\u017c mo\u017cemy Ci zaoferowa\u0107. W naszym zespole znajduj\u0105 si\u0119 bowiem do\u015bwiadczeni specjali\u015bci, posiadaj\u0105cy szerok\u0105 wiedz\u0119 podatkow\u0105 i biznesow\u0105 dostosowan\u0105 do potrzeb firm spoza Unii Europejskiej.<\/p>\n<p>Jedna ze sp\u00f3\u0142ek nale\u017c\u0105cych do grupy INTERTAX spe\u0142nia wymogi pozwalaj\u0105ce na reprezentowanie dla cel\u00f3w podatku VAT osoby fizycznej lub prawnej niemaj\u0105cej siedziby na terytorium Unii Europejskiej. Przedstawiciel Podatkowy jest wsp\u00f3\u0142odpowiedzialny za kwoty zobowi\u0105za\u0144 podatkowych swojego mocodawcy powsta\u0142e na mocy przepis\u00f3w o VAT oraz za konsekwencje podatkowe w VAT dzia\u0142a\u0144 podmiot\u00f3w niemaj\u0105cych siedziby na terenie Unii Europejskiej.<\/p>\n<h2>Rozliczenia PIT i CIT<\/h2>\n<p>We wszystkich krajach obowi\u0105zuj\u0105 szczeg\u00f3\u0142owe przepisy dotycz\u0105ce opodatkowania dochod\u00f3w osi\u0105ganych z dzia\u0142alno\u015bci gospodarczej. Z roku na rok staj\u0105 si\u0119 one coraz bardziej skomplikowane. Jeste\u015bmy gotowi pom\u00f3c Ci spe\u0142ni\u0107 polskie wymagania dotycz\u0105ce tego obszaru polecaj\u0105c do pracy z Twoj\u0105 firm\u0105 wsp\u00f3\u0142pracuj\u0105cego z nami do\u015bwiadczonego doradc\u0119 podatkowego.<\/p>\n<p>Nasza specjalistyczna wiedza za zakresu polskiego i europejskiego prawa podatkowego pozwala nam za\u0142atwia\u0107 za Ciebie wi\u0119kszo\u015b\u0107 spraw podatkowych. Zawsze na bie\u017c\u0105co b\u0119dziemy Ci\u0119 informowa\u0107 o wykonanych przez nas czynno\u015bciach. Opieraj\u0105c si\u0119 na przekazanych nam informacjach przygotujemy dla Twojej firmy plan niezb\u0119dnych dzia\u0142a\u0144 i pomo\u017cemy w jego realizacji.\u00a0 Opr\u00f3cz wype\u0142nienia zobowi\u0105za\u0144 ustawowych, korzystanie z us\u0142ug Intertax zapewni Ci w tej dziedzinie trudny do przecenienia spok\u00f3j, co pozwoli Ci skoncentrowa\u0107 si\u0119 wy\u0142\u0105cznie na prowadzeniu Twojego biznesu. B\u0119dziemy r\u00f3wnie\u017c przechowywa\u0107 odpowiedni\u0105 dokumentacj\u0119 i sk\u0142ada\u0107 deklaracje i zeznania podatkowe w Twoim imieniu, a tak\u017ce przesy\u0142a\u0107 administracji podatkowej pliki kontrolne (JPK) .<\/p>\n<p>Podatek dochodowy od os\u00f3b prawnych (CIT) dotyczy najcz\u0119\u015bciej sp\u00f3\u0142ek i fundacji. Osoby fizyczne staj\u0105 si\u0119 podatnikami podatku dochodowego od os\u00f3b fizycznych (PIT) ze wzgl\u0119du na swoje dochody osi\u0105gane z prowadzenia dzia\u0142alno\u015bci gospodarczej, w tym tak\u017ce dochody z tytu\u0142u udzia\u0142u w sp\u00f3\u0142kach osobowych.<\/p>\n<p>Polska jest sygnatariuszem wielu um\u00f3w o unikaniu podw\u00f3jnego opodatkowania zawartych z wieloma krajami z ca\u0142ego \u015bwiata. Umowa o zapobieganiu podw\u00f3jnemu opodatkowaniu co do zasady umo\u017cliwia odliczenie podatku zap\u0142aconego w jednym z dw\u00f3ch kraj\u00f3w z podatkiem nale\u017cnym w drugim kraju, zapobiegaj\u0105c w ten spos\u00f3b podw\u00f3jnemu opodatkowaniu tych samych dochod\u00f3w.<\/p>\n<p>Intertax pomaga swoim klientom analizowa\u0107 podatkowe skutki prowadzenia przez nich dzia\u0142alno\u015bci gospodarczej oraz identyfikowa\u0107 przepisy podatkowe mog\u0105ce w ich przypadku mie\u0107 zastosowanie, a tak\u017ce u\u015bwiadamia im potencjalne korzy\u015bci wynikaj\u0105ce z zastosowania indywidualnych rozwi\u0105za\u0144 podatkowych .<\/p>\n\n\n<p><\/p>\n","protected":false},"excerpt":{"rendered":"<p>Przepisy podatkowe staj\u0105 si\u0119 coraz bardziej z\u0142o\u017cone, a optymalne zarz\u0105dzanie nimi\u00a0 to dla zarz\u0105d\u00f3w firm wyzwanie o coraz wy\u017cszym priorytecie. Wsp\u00f3\u0142pracuj\u0105cy z nami doradcy podatkowi s\u0105 dobrze wyposa\u017ceni wiedz\u0119 i &#8211; co wa\u017cne &#8211;\u00a0 do\u015bwiadczeni, dzi\u0119ki czemu mog\u0105 pom\u00f3c w poruszaniu si\u0119 po skomplikowanych zagadnieniach podatkowych i ksi\u0119gowych. Tak\u017ce dostosowa\u0107 praktyczne rady do konkretnych potrzeb. [&hellip;]<\/p>\n","protected":false},"author":10,"featured_media":0,"parent":5420,"menu_order":2,"comment_status":"closed","ping_status":"open","template":"","meta":{"footnotes":""},"class_list":["post-5457","page","type-page","status-publish","hentry"],"jetpack_sharing_enabled":true,"_links":{"self":[{"href":"https:\/\/polishtax.com\/pl\/wp-json\/wp\/v2\/pages\/5457","targetHints":{"allow":["GET"]}}],"collection":[{"href":"https:\/\/polishtax.com\/pl\/wp-json\/wp\/v2\/pages"}],"about":[{"href":"https:\/\/polishtax.com\/pl\/wp-json\/wp\/v2\/types\/page"}],"author":[{"embeddable":true,"href":"https:\/\/polishtax.com\/pl\/wp-json\/wp\/v2\/users\/10"}],"replies":[{"embeddable":true,"href":"https:\/\/polishtax.com\/pl\/wp-json\/wp\/v2\/comments?post=5457"}],"version-history":[{"count":5,"href":"https:\/\/polishtax.com\/pl\/wp-json\/wp\/v2\/pages\/5457\/revisions"}],"predecessor-version":[{"id":6194,"href":"https:\/\/polishtax.com\/pl\/wp-json\/wp\/v2\/pages\/5457\/revisions\/6194"}],"up":[{"embeddable":true,"href":"https:\/\/polishtax.com\/pl\/wp-json\/wp\/v2\/pages\/5420"}],"wp:attachment":[{"href":"https:\/\/polishtax.com\/pl\/wp-json\/wp\/v2\/media?parent=5457"}],"curies":[{"name":"wp","href":"https:\/\/api.w.org\/{rel}","templated":true}]}}