{"id":5453,"date":"2021-05-08T23:22:40","date_gmt":"2021-05-08T23:22:40","guid":{"rendered":"http:\/\/qqtcdof.cluster026.hosting.ovh.net\/polishtax\/?page_id=5453"},"modified":"2023-12-01T12:01:26","modified_gmt":"2023-12-01T12:01:26","slug":"obsluga-vat","status":"publish","type":"page","link":"https:\/\/polishtax.com\/pl\/uslugi\/obsluga-vat\/","title":{"rendered":"Obs\u0142uga VAT"},"content":{"rendered":"<h2>Raportowanie i rozliczenia VAT \u2013 transakcje transgraniczne<\/h2>\n<p>Intertax pomo\u017ce Ci w raportowaniu administracji skarbowej polskiej i unijnej transakcji dokonywanych przez Twoj\u0105 firm\u0119. Oferujemy pomoc w przygotowaniu i z\u0142o\u017ceniu odpowiednich deklaracji podatkowych i plik\u00f3w kontrolnych. Mo\u017cemy r\u00f3wnie\u017c obliczy\u0107 wysoko\u015b\u0107 kwoty, kt\u00f3r\u0105 b\u0119dziesz musia\u0142 wp\u0142aci\u0107 do bud\u017cetu pa\u0144stwa lub kwot\u0119 zwrotu podatku, do kt\u00f3rego Twoja firma mo\u017ce by\u0107 uprawniona.<\/p>\n<p>Nale\u017cy pami\u0119ta\u0107, \u017ce od 1 lipca 2018 r. ka\u017cdy podatnik w Polsce ma obowi\u0105zek dostarczenia dodatkowych plik\u00f3w JPK (Jednolity Plik Kontrolny) na \u017c\u0105danie organ\u00f3w podatkowych. \u017b\u0105danie mo\u017ce zosta\u0107 z\u0142o\u017cone w toku post\u0119powania podatkowego, procedur weryfikacyjnych lub kontroli podatkowej i celnej, a organy podatkowe mog\u0105 je skierowa\u0107 do ka\u017cdego podatnika, bez wzgl\u0119du na wielko\u015b\u0107 firmy. Przepis ten zosta\u0142 wprowadzony w celu skr\u00f3cenia czasu trwania kontroli podatkowych, jak r\u00f3wnie\u017c zminimalizowania cz\u0119stotliwo\u015bci wizyt podatnik\u00f3w w urz\u0119dzie skarbowym oraz liczby wizyt kontroler\u00f3w w siedzibach podatnik\u00f3w.<\/p>\n<p>Pliki mog\u0105 dotyczy\u0107 wyci\u0105g\u00f3w bankowych, ksi\u0105g rachunkowych, faktur, podatkowej ksi\u0119gi przychod\u00f3w i rozchod\u00f3w, rachunk\u00f3w przychod\u00f3w i stan\u00f3w magazynowych. Wszystko to musi by\u0107 odpowiednio sformatowane i przes\u0142ane elektronicznie w kr\u00f3tkim czasie. Dzi\u0119ki wiedzy naszych konsultant\u00f3w w Intertax jeste\u015bmy w stanie zapewni\u0107 naszym klientom kompleksowe rozwi\u0105zania w tym zakresie, gwarantuj\u0105c tym samym zar\u00f3wno bezpiecze\u0144stwo podatkowe, jak i realizacj\u0119 cel\u00f3w biznesowych.<\/p>\n<h2>Konsultacje w zakresie VAT<\/h2>\n<p>Firma decyduj\u0105ca si\u0119 na skorzystanie z konsultacji podatkowych oferowanych przez Intertax b\u0119dzie mia\u0142a dost\u0119p do kompleksowej pomocy we wszelkich post\u0119powaniach i procedurach podatkowych oraz optymalizacji i racjonalizacji swoich zobowi\u0105za\u0144 podatkowych. Po dok\u0142adnej analizie konsultanci Intertax poinformuj\u0105 Ci\u0119 o konsekwencjach podatkowych wynikaj\u0105cych z bie\u017c\u0105cej i dotychczasowej dzia\u0142alno\u015bci lub mo\u017cliwych efektach zaplanowanych przez Ciebie operacji biznesowych. Intertax wsp\u00f3\u0142pracuje \u015bci\u015ble z doradcami podatkowymi.<\/p>\n<p>Analizy podatkowe mog\u0105 mie\u0107 r\u00f3wnie\u017c na celu wypracowanie indywidualnych rozwi\u0105za\u0144, kt\u00f3re pozwol\u0105 Twojej firmie zminimalizowa\u0107 zobowi\u0105zania podatkowe przy jednoczesnym usprawnieniu procedur biznesowych i sposobu ich dokumentowania, przy jednoczesnym zachowaniu zgodno\u015bci z obowi\u0105zuj\u0105cymi przepisami podatkowymi oraz minimalizacji koszt\u00f3w operacyjnych. W wi\u0119kszo\u015bci przypadk\u00f3w wsp\u00f3\u0142praca Intertax z nowym klientem rozpoczyna si\u0119 od ustalenia, czy dana firma jest zobowi\u0105zana do zarejestrowania si\u0119 jako podatnik VAT lub CIT, czy te\u017c jest z tego obowi\u0105zku zwolniona. Dopiero wtedy nasi konsultanci przygotuj\u0105 wszystkie niezb\u0119dne wnioski i formularze, kt\u00f3re po podpisaniu przez osob\u0119 upowa\u017cnion\u0105 przez klienta sk\u0142adane s\u0105 w odpowiednim urz\u0119dzie skarbowym.<\/p>\n<p>Nast\u0119pnie administracja skarbowa nadaje firmie polski numer identyfikacji podatkowej (tzw. NIP) oraz potwierdzenie rejestracji dla cel\u00f3w VAT. Dzi\u0119ki wsp\u00f3\u0142pracy z doradcami podatkowymi us\u0142ugi Intertax obejmuj\u0105 r\u00f3wnie\u017c pomoc na ka\u017cdym etapie procesu uzyskiwania od Krajowej Informacji Skarbowej (KIS) indywidualnych interpretacji prawa podatkowego.<\/p>\n","protected":false},"excerpt":{"rendered":"<p>Raportowanie i rozliczenia VAT \u2013 transakcje transgraniczne Intertax pomo\u017ce Ci w raportowaniu administracji skarbowej polskiej i unijnej transakcji dokonywanych przez Twoj\u0105 firm\u0119. Oferujemy pomoc w przygotowaniu i z\u0142o\u017ceniu odpowiednich deklaracji podatkowych i plik\u00f3w kontrolnych. Mo\u017cemy r\u00f3wnie\u017c obliczy\u0107 wysoko\u015b\u0107 kwoty, kt\u00f3r\u0105 b\u0119dziesz musia\u0142 wp\u0142aci\u0107 do bud\u017cetu pa\u0144stwa lub kwot\u0119 zwrotu podatku, do kt\u00f3rego Twoja firma mo\u017ce [&hellip;]<\/p>\n","protected":false},"author":10,"featured_media":0,"parent":5420,"menu_order":0,"comment_status":"closed","ping_status":"closed","template":"","meta":{"footnotes":""},"class_list":["post-5453","page","type-page","status-publish","hentry"],"jetpack_sharing_enabled":true,"_links":{"self":[{"href":"https:\/\/polishtax.com\/pl\/wp-json\/wp\/v2\/pages\/5453","targetHints":{"allow":["GET"]}}],"collection":[{"href":"https:\/\/polishtax.com\/pl\/wp-json\/wp\/v2\/pages"}],"about":[{"href":"https:\/\/polishtax.com\/pl\/wp-json\/wp\/v2\/types\/page"}],"author":[{"embeddable":true,"href":"https:\/\/polishtax.com\/pl\/wp-json\/wp\/v2\/users\/10"}],"replies":[{"embeddable":true,"href":"https:\/\/polishtax.com\/pl\/wp-json\/wp\/v2\/comments?post=5453"}],"version-history":[{"count":5,"href":"https:\/\/polishtax.com\/pl\/wp-json\/wp\/v2\/pages\/5453\/revisions"}],"predecessor-version":[{"id":6191,"href":"https:\/\/polishtax.com\/pl\/wp-json\/wp\/v2\/pages\/5453\/revisions\/6191"}],"up":[{"embeddable":true,"href":"https:\/\/polishtax.com\/pl\/wp-json\/wp\/v2\/pages\/5420"}],"wp:attachment":[{"href":"https:\/\/polishtax.com\/pl\/wp-json\/wp\/v2\/media?parent=5453"}],"curies":[{"name":"wp","href":"https:\/\/api.w.org\/{rel}","templated":true}]}}