{"id":5437,"date":"2021-05-08T21:03:42","date_gmt":"2021-05-08T21:03:42","guid":{"rendered":"http:\/\/qqtcdof.cluster026.hosting.ovh.net\/polishtax\/?page_id=5437"},"modified":"2026-01-14T12:01:37","modified_gmt":"2026-01-14T12:01:37","slug":"o-nas","status":"publish","type":"page","link":"https:\/\/polishtax.com\/pl\/o-nas\/","title":{"rendered":"O nas"},"content":{"rendered":"<p>[vc_row css=&#8221;.vc_custom_1549125106755{margin-top: 35px !important;}&#8221;][vc_column][vc_row_inner][vc_column_inner width=&#8221;1\/2&#8243;][vc_column_text]INTERTAX to dynamicznie rozwijaj\u0105ca si\u0119 firma oferuj\u0105ca szeroki zakres us\u0142ug w zakresie rozlicze\u0144 podatkowych i ksi\u0119gowych. Nale\u017cymy do grona najlepszych firm ksi\u0119gowych w Polsce i jeste\u015bmy dumni, \u017ce jeste\u015bmy alternatyw\u0105 dla firm z Wielkiej Czw\u00f3rki. Aby sprosta\u0107 temu wyzwaniu pracujemy w zespo\u0142ach interdyscyplinarnych gwarantuj\u0105c naszym klientom spersonalizowan\u0105 obs\u0142ug\u0119. Nasi klienci ceni\u0105 nas przede wszystkim za fachow\u0105 wiedz\u0119, do\u015bwiadczenie, szybko\u015b\u0107 reakcji, elastyczne procedury i indywidualne podej\u015bcie.<\/p>\n<p>Kancelaria Intertax powsta\u0142a w 1993 roku, INTERTAX jako sp\u00f3\u0142ka z ograniczon\u0105 odpowiedzialno\u015bci\u0105 w 2005 roku, a INTERTAX P.S.A. w 2021 r. \u015awiadcz\u0105c us\u0142ugi w zakresie ksi\u0119gowo\u015bci i podatk\u00f3w nasi managerowie zdobyli w ci\u0105gu tych wielu lat du\u017ce do\u015bwiadczenie, kt\u00f3re pozwala im w spos\u00f3b profesjonalny kierowa\u0107 zespo\u0142ami pracownik\u00f3w i pomaga\u0107 naszym klientom w wype\u0142nianiu obowi\u0105zk\u00f3w wynikaj\u0105cych z polskiego prawa bilansowego i podatkowego.<\/p>\n<p>Nasz zesp\u00f3\u0142 posiada ugruntowan\u0105 wieloletni\u0105 praktyk\u0105 wiedz\u0119 oraz do\u015bwiadczenie w kontaktach z organami podatkowymi pozwalaj\u0105ce na uczestniczenie w kontrolach podatkowych, a tak\u017ce wsp\u00f3\u0142tworzenie wraz z pracownikami dzia\u0142\u00f3w ksi\u0119gowych firm naszych klient\u00f3w strategii podatkowych wspieraj\u0105c ich w wype\u0142nianiu obowi\u0105zk\u00f3w wynikaj\u0105cych z przepis\u00f3w podatkowych oraz prawa bilansowego. Dlatego w\u0142a\u015bnie naszym klientom jeste\u015bmy w stanie zaoferowa\u0107 kompleksow\u0105 obs\u0142ug\u0119 podatkow\u0105, ksi\u0119gow\u0105 i prawn\u0105 w zakresie zwi\u0105zanym z prowadzeniem zw\u0142aszcza transgranicznego biznesu.<\/p>\n<p>Zrozumienie potrzeb Twojej bran\u017cy, sposobu dzia\u0142ania Twojej organizacji oraz potrzeb jej dyrektor\u00f3w i udzia\u0142owc\u00f3w jest nasz\u0105 nieustann\u0105 trosk\u0105, za\u015b nadrz\u0119dnym celem jest dostarczanie klientom mo\u017cliwie najlepszych rozwi\u0105za\u0144. Nasz zesp\u00f3\u0142, sk\u0142adaj\u0105cy si\u0119 z wykwalifikowanych konsultant\u00f3w i ksi\u0119gowych oraz innych profesjonalist\u00f3w, do\u0142o\u017cy wszelkich stara\u0144, aby sprosta\u0107 oczekiwaniom naszych klient\u00f3w i spe\u0142ni\u0107 ich indywidualne wymagania. Wsp\u00f3\u0142pracujemy tak\u017ce z doradcami podatkowymi.<\/p>\n<p>\u0141\u0105czymy wieloletnie do\u015bwiadczenie z fachow\u0105 wiedz\u0105, specyficzn\u0105 dla polskiego rynku, znajomo\u015bci\u0105 polskiej administracji pa\u0144stwowej oraz potrzeb mi\u0119dzynarodowych przedsi\u0119biorc\u00f3w.<\/p>\n<p>[\/vc_column_text][\/vc_column_inner][vc_column_inner width=&#8221;1\/2&#8243;][vc_single_image image=&#8221;4402&#8243; img_size=&#8221;full&#8221; alignment=&#8221;right&#8221; onclick=&#8221;link_image&#8221; css=&#8221;.vc_custom_1550933660466{margin-bottom: 15px !important;}&#8221;][vc_column_text css=&#8221;.vc_custom_1550933636649{margin-bottom: 15px !important;}&#8221;]<\/p>\n<p style=\"text-align: center;\"><em>In 2018, we entered our 25th year as a tax advisory &amp; accounting company. Now, twenty five years later, this ensemble of 23 people is still united around the same vision.<\/em><\/p>\n<p>[\/vc_column_text][vc_video link=&#8221;https:\/\/youtu.be\/XIXFHSBr7Mo&#8221; align=&#8221;center&#8221;][\/vc_column_inner][\/vc_row_inner][\/vc_column][\/vc_row][vc_row][vc_column][vc_custom_heading text=&#8221;Nasi klienci doceniaj\u0105&#8221; use_theme_fonts=&#8221;yes&#8221; css=&#8221;.vc_custom_1551085017159{margin-bottom: 15px !important;}&#8221;][vc_column_text css=&#8221;.vc_custom_1551085030461{margin-bottom: 15px !important;}&#8221;]<\/p>\n<ul>\n<li>Nasz profesjonalizm i 25-letnie do\u015bwiadczenie w obs\u0142udze g\u0142\u00f3wnie mi\u0119dzynarodowego biznesu<\/li>\n<li>Szybko\u015b\u0107 reakcji i wyczerpuj\u0105ce odpowiedzi na pytania<\/li>\n<li>Elastyczne procedury i indywidualne podej\u015bcie do klient\u00f3w<\/li>\n<li>Nasz\u0105 niezale\u017cno\u015b\u0107 i wy\u0142\u0105cznie polski kapita\u0142<\/li>\n<\/ul>\n<p>[vc_column_text]INTERTAX to firma, kt\u00f3ra koncentruje si\u0119 na ci\u0105g\u0142ym rozwoju, aby zapewni\u0107 naszym klientom najlepsz\u0105 mo\u017cliw\u0105 obs\u0142ug\u0119. Ch\u0119tnie podejmujemy wyzwania, a wszystkie napotkane trudno\u015bci traktujemy jako motywacj\u0119 do ci\u0119\u017cszej pracy i samodoskonalenia.[\/vc_column_text][\/vc_column][\/vc_row][vc_section full_width=&#8221;stretch_row&#8221; css=&#8221;.vc_custom_1549963377247{margin-top: 35px !important;margin-bottom: 35px !important;padding-top: 25px !important;padding-bottom: 25px !important;background-color: #f9f9f9 !important;}&#8221; el_class=&#8221;team&#8221;][vc_row][vc_column][vc_custom_heading text=&#8221;Poznaj nasz profesjonalny zesp\u00f3\u0142&#8221; font_container=&#8221;tag:h2|font_size:36px|text_align:center|color:%23273272|line_height:40px&#8221; use_theme_fonts=&#8221;yes&#8221; css=&#8221;.vc_custom_1550662332815{margin-bottom: 15px !important;}&#8221;][vc_column_text]W Intertax pracuje zesp\u00f3\u0142 specjalist\u00f3w z bogatym do\u015bwiadczeniem miedzy innymi w zakresie przepis\u00f3w reguluj\u0105cych transakcje transgraniczne i ich skutki w VAT.<\/p>\n<p>Zatrudniamy wieloj\u0119zyczn\u0105 kadr\u0119, co pozwala nam bezpo\u015brednio kontaktowa\u0107 si\u0119 z klientami w ich w\u0142asnym j\u0119zyku oraz odpowiadamy za sk\u0142adanie i rozliczania deklaracji VAT w Polsce i w krajach nale\u017c\u0105cych Unii Europejskiej. Niezale\u017cnie od tego, czy potrzebujesz np. przedstawiciela VAT w Polsce lub w UE, czy te\u017c z\u0142o\u017cysz odwo\u0142anie do polskiego lub unijnego organu podatkowego, mamy dla Ciebie konkretne rozwi\u0105zanie.<\/p>\n<p>Oto niekt\u00f3rzy cz\u0142onkowie naszego zespo\u0142u, kt\u00f3rzy pomagaj\u0105 naszym klientom unikn\u0105\u0107 problem\u00f3w z administracj\u0105 podatkow\u0105:[\/vc_column_text][\/vc_column][\/vc_row][vc_row el_class=&#8221;team-member&#8221; css=&#8221;.vc_custom_1550584099133{margin-bottom: 15px !important;}&#8221;][vc_column width=&#8221;1\/4&#8243; css=&#8221;.vc_custom_1550583648113{margin: 0px !important;padding: 0px !important;}&#8221;][vc_single_image image=&#8221;4611&#8243; img_size=&#8221;large&#8221; alignment=&#8221;center&#8221; css=&#8221;.vc_custom_1550583748114{margin: 0px !important;padding: 15px !important;}&#8221;][\/vc_column][vc_column width=&#8221;3\/4&#8243; css=&#8221;.vc_custom_1550588218683{padding-top: 25px !important;}&#8221;][vc_column_text el_class=&#8221;.team-name&#8221; css=&#8221;.vc_custom_1550588897373{margin: 0px !important;}&#8221;]<\/p>\n<h2>Bogus\u0142aw K\u0119dzior<\/h2>\n<p><img loading=\"lazy\" decoding=\"async\" class=\"alignleft size-medium wp-image-7140\" src=\"https:\/\/polishtax.com\/wp-content\/uploads\/2025\/12\/Boguslaw-Kedzior-289x300.jpg\" alt=\"\" width=\"289\" height=\"300\" srcset=\"https:\/\/polishtax.com\/wp-content\/uploads\/2025\/12\/Boguslaw-Kedzior-289x300.jpg 289w, https:\/\/polishtax.com\/wp-content\/uploads\/2025\/12\/Boguslaw-Kedzior.jpg 547w\" sizes=\"auto, (max-width: 289px) 100vw, 289px\" \/>[\/vc_column_text][vc_column_text el_class=&#8221;.team-title&#8221;]<em>Za\u0142o\u017cyciel Intertax, wsp\u00f3lnik zarz\u0105dzaj\u0105cy, doradca podatkowy<\/em>[\/vc_column_text][vc_column_text el_class=&#8221;.team-desc&#8221;]Boguslaw za\u0142o\u017cy\u0142 Intertax w 1994 roku.\u00a0 Od 1997 r., po wpisaniu na list\u0119 doradc\u00f3w podatkowych w Polsce (nr 03520), kieruje prac\u0105 zespo\u0142u specjalist\u00f3w \u015bwiadcz\u0105cych us\u0142ugi dla mi\u0119dzynarodowego biznesu specjalizuj\u0105c si\u0119 w zagadnieniach zwi\u0105zanych z podatkiem od towar\u00f3w i us\u0142ug (VAT).\u00a0 Ponad 25-letnie do\u015bwiadczenie zawodowe i biznesowe Bogus\u0142awa pozwala mu wytycza\u0107 cele oraz opracowywa\u0107 strategi\u0119 dzia\u0142ania sp\u00f3\u0142ek wchodz\u0105cych w sk\u0142ad grupy Intertax. Bogus\u0142aw K\u0119dzior pe\u0142ni funkcj\u0119 prezesa zarz\u0105du INTERTAX P.S.A.<\/p>\n<p>J\u0119zyki obce: francuski i angielski[\/vc_column_text][vc_column_text el_class=&#8221;.team-contact&#8221;]<i class=\"fa fa-envelope-o\" style=\"color: #00174d; margin-left: 6px;\"><\/i> b&#46;kedzior&#64;intertax&#46;pl <a style=\"text-decoration: none;\" href=\"https:\/\/pl.linkedin.com\/pub\/boguslaw-kedzior\/47\/238\/533\" target=\"_blank\" rel=\"noopener\"><span style=\"font: 80% Arial,sans-serif; color: #0783b6;\"><img loading=\"lazy\" decoding=\"async\" style=\"vertical-align: middle;\" src=\"https:\/\/static.licdn.com\/scds\/common\/u\/img\/webpromo\/btn_in_20x15.png\" alt=\"Show Boguslaw Kedzior profile\" width=\"20\" height=\"15\" border=\"0\" \/>\u00a0LinkedIn profile<\/span><\/a>[\/vc_column_text][\/vc_column][\/vc_row][vc_row gap=&#8221;15&#8243; equal_height=&#8221;yes&#8221;][vc_column width=&#8221;1\/3&#8243;][vc_row_inner equal_height=&#8221;yes&#8221;][vc_column_inner el_class=&#8221;team-member&#8221; css=&#8221;.vc_custom_1550584241336{padding-top: 15px !important;}&#8221;][vc_single_image image=&#8221;4612&#8243; img_size=&#8221;340&#215;510&#8243; alignment=&#8221;center&#8221; el_class=&#8221;.team-image&#8221;][vc_column_text el_class=&#8221;.team-name&#8221; css=&#8221;.vc_custom_1550587093584{margin-top: 0px !important;margin-right: 0px !important;margin-bottom: 0px !important;margin-left: 0px !important;}&#8221;]<\/p>\n<h4 style=\"text-align: center;\">Piotr Kawa<\/h4>\n<p>[\/vc_column_text][vc_column_text css_animation=&#8221;none&#8221; el_class=&#8221;.team-title&#8221;]<\/p>\n<p style=\"text-align: center;\"><em>Starszy Menad\u017cer, Partner, Dyrektor w Dziale Compliance\u00a0<\/em><\/p>\n<p>[\/vc_column_text][vc_column_text el_class=&#8221;.team-desc&#8221;]<\/p>\n<p style=\"text-align: center;\">13 lat do\u015bwiadczenia w Intertax, gdzie skupia si\u0119 na zagadnieniach zwi\u0105zanych z opodatkowaniem VAT transakcji mi\u0119dzynarodowych, podatku od os\u00f3b prawnych oraz stosowaniu w praktyce przepis\u00f3w ustawy o rachunkowo\u015bci.<\/p>\n<p style=\"text-align: center;\">Piotr zanim do\u0142\u0105czy\u0142 w 2008 roku do zespo\u0142u Intertax pracowa\u0142 w Zak\u0142adzie Ubezpiecze\u0144 Spo\u0142ecznych, w tym 2,5 roku na kierowniczym stanowisku w dziale koordynacji europejskich system\u00f3w ubezpiecze\u0144 spo\u0142ecznych.<\/p>\n<p style=\"text-align: center;\">J\u0119zyk obcy: Angielski<\/p>\n<p>[\/vc_column_text][vc_column_text el_class=&#8221;.team-contact&#8221;]<\/p>\n<p style=\"text-align: center;\"><i class=\"fa fa-phone\" style=\"color: #00174d; margin-left: 6px;\"><\/i> +48 600 044 108<br \/>\n<i class=\"fa fa-envelope-o\" style=\"color: #00174d; margin-left: 6px;\"><\/i> &#x70;&#x2e;&#107;a&#x77;&#x61;&#x40;&#105;n&#x74;&#x65;&#x72;&#116;a&#x78;&#x2e;&#x70;&#108;<\/p>\n<p>[\/vc_column_text][\/vc_column_inner][\/vc_row_inner][\/vc_column][vc_column width=&#8221;1\/3&#8243;][vc_row_inner equal_height=&#8221;yes&#8221; el_class=&#8221;team-member&#8221;][vc_column_inner el_class=&#8221;team-member&#8221; css=&#8221;.vc_custom_1550584268474{padding-top: 15px !important;}&#8221;][vc_single_image image=&#8221;3189&#8243; img_size=&#8221;340&#215;510&#8243; alignment=&#8221;center&#8221; el_class=&#8221;.team-image&#8221;][vc_column_text el_class=&#8221;.team-name&#8221; css=&#8221;.vc_custom_1550587969753{margin: 0px !important;}&#8221;]<\/p>\n<h2 style=\"text-align: center;\">Sylwia Ko\u017cuch<\/h2>\n<p>[\/vc_column_text][vc_column_text css_animation=&#8221;none&#8221; el_class=&#8221;.team-title&#8221;]<\/p>\n<p style=\"text-align: center;\"><em>Doradca Podatkowy, Partner, Dyrektor w Dziale Doradztwa Podatkowego<\/em><\/p>\n<p>[\/vc_column_text][vc_column_text el_class=&#8221;.team-desc&#8221;]<\/p>\n<p style=\"text-align: center;\">Doradca podatkowy odpowiedzialny za podatki mi\u0119dzynarodowe w Intertax. G\u0142\u00f3wne obszary dzia\u0142alno\u015bci zawodowej Sylwii to doradztwo podatkowe oraz zagadnienia ksi\u0119gowe zwi\u0105zane ze sporz\u0105dzaniem sprawozda\u0144 finansowych sp\u00f3\u0142ek z udzia\u0142em kapita\u0142u zagranicznego.<\/p>\n<p style=\"text-align: center;\">Sylwia specjalizuje si\u0119 w podatku VAT w uj\u0119ciu krajowym i transgranicznym, podatku dochodowym od os\u00f3b prawnych oraz\u00a0 doradzaniu podmiotom gospodarczym z siedzib\u0105 poza granicami kraju.<\/p>\n<p style=\"text-align: center;\">Ponad 12 lat pracy w Intertax na stanowisku menad\u017cera poprzedzi\u0142y 4 lata pracy w firmie BPO na stanowisku kierowniczym.<\/p>\n<p style=\"text-align: center;\">J\u0119zyki obce: angielski<\/p>\n<p>[\/vc_column_text][vc_column_text el_class=&#8221;.team-contact&#8221;]<\/p>\n<p style=\"text-align: center;\"><i class=\"fa fa-phone\" style=\"color: #00174d; margin-left: 6px;\"><\/i> +48 517.339.647<br \/>\n<i class=\"fa fa-envelope-o\" style=\"color: #00174d; margin-left: 6px;\"><\/i> sy&#108;&#119;&#105;&#x61;&#x2e;&#x6b;&#x6f;&#x7a;uc&#104;&#64;&#105;&#x6e;&#x74;&#x65;&#x72;&#x74;ax&#46;&#112;&#108;<\/p>\n<h2><\/h2>\n<h2>Wsp\u00f3\u0142praca mi\u0119dzynarodowa<\/h2>\n<p>[\/vc_column_text][vc_row_inner][vc_column_inner width=&#8221;1\/2&#8243;][vc_column_text]<\/p>\n<p>Intertax od 2012 roku jest cz\u0142onkiem Tax Representative Alliance (TRA). Cz\u0142onkostwo w tym stowarzyszeniu daje nam mo\u017cliwo\u015b\u0107 doskonalenia \u015bwiadczonych us\u0142ug w zakresie VAT. Jeste\u015bmy przekonani, \u017ce wsp\u00f3\u0142praca Intertax w ramach TRA u\u0142atwi naszym klientom raportowanie transakcji wewn\u0105trzwsp\u00f3lnotowych w poszczeg\u00f3lnych krajach UE. Intertax jest wy\u0142\u0105cznym polskim cz\u0142onkiem Tax Representative Alliance.<\/p>\n<p>&nbsp;<\/p>\n<p>Oficjalna strona TRA to: <a title=\"TRA - Tax Representative Alliance\" href=\"http:\/\/www.tra.org\/\" target=\"_blank\" rel=\"noopener noreferrer\">http:\/\/www.tra.org\/<\/a><\/p>\n<p>Pierwszy biuletyn TRA ukaza\u0142 si\u0119 w 2013 roku. Mo\u017cna znale\u017a\u0107 w nim interesuj\u0105ce dane o:[\/vc_column_text]\r<!-- list -->\r<div class=\"rt-list rt7108544f-ef13-2 element-two   \" ><p><\/p>\n<ul>\n<li>Pierwsze spotkanie TRA w Pary\u017cu.<\/li>\n<li>Podstawowe informacje o wszystkich cz\u0142onkach TRA.<\/li>\n<li>Wiadomo\u015bci podatkowe z kraj\u00f3w cz\u0142onkowskich.<\/li>\n<\/ul>\n<p><\/p><\/div>\r<!-- list -->\r[\/vc_column_inner][vc_column_inner width=&#8221;1\/2&#8243;][vc_single_image image=&#8221;2235&#8243; img_size=&#8221;350&#215;229&#8243; alignment=&#8221;center&#8221; css_animation=&#8221;bounceInRight&#8221;][\/vc_column_inner][\/vc_row_inner][\/vc_column][\/vc_row][\/vc_section]<\/p>\n","protected":false},"excerpt":{"rendered":"<p>[vc_row css=&#8221;.vc_custom_1549125106755{margin-top: 35px !important;}&#8221;][vc_column][vc_row_inner][vc_column_inner width=&#8221;1\/2&#8243;][vc_column_text]INTERTAX to dynamicznie rozwijaj\u0105ca si\u0119 firma oferuj\u0105ca szeroki zakres us\u0142ug w zakresie rozlicze\u0144 podatkowych i ksi\u0119gowych. Nale\u017cymy do grona najlepszych firm ksi\u0119gowych w Polsce i jeste\u015bmy dumni, \u017ce jeste\u015bmy alternatyw\u0105 dla firm z Wielkiej Czw\u00f3rki. Aby sprosta\u0107 temu wyzwaniu pracujemy w zespo\u0142ach interdyscyplinarnych gwarantuj\u0105c naszym klientom spersonalizowan\u0105 obs\u0142ug\u0119. Nasi klienci ceni\u0105 [&hellip;]<\/p>\n","protected":false},"author":10,"featured_media":0,"parent":0,"menu_order":0,"comment_status":"closed","ping_status":"closed","template":"","meta":{"footnotes":""},"class_list":["post-5437","page","type-page","status-publish","hentry"],"jetpack_sharing_enabled":true,"_links":{"self":[{"href":"https:\/\/polishtax.com\/pl\/wp-json\/wp\/v2\/pages\/5437","targetHints":{"allow":["GET"]}}],"collection":[{"href":"https:\/\/polishtax.com\/pl\/wp-json\/wp\/v2\/pages"}],"about":[{"href":"https:\/\/polishtax.com\/pl\/wp-json\/wp\/v2\/types\/page"}],"author":[{"embeddable":true,"href":"https:\/\/polishtax.com\/pl\/wp-json\/wp\/v2\/users\/10"}],"replies":[{"embeddable":true,"href":"https:\/\/polishtax.com\/pl\/wp-json\/wp\/v2\/comments?post=5437"}],"version-history":[{"count":29,"href":"https:\/\/polishtax.com\/pl\/wp-json\/wp\/v2\/pages\/5437\/revisions"}],"predecessor-version":[{"id":7185,"href":"https:\/\/polishtax.com\/pl\/wp-json\/wp\/v2\/pages\/5437\/revisions\/7185"}],"wp:attachment":[{"href":"https:\/\/polishtax.com\/pl\/wp-json\/wp\/v2\/media?parent=5437"}],"curies":[{"name":"wp","href":"https:\/\/api.w.org\/{rel}","templated":true}]}}